{"id":3180,"date":"2022-04-19T16:01:08","date_gmt":"2022-04-19T14:01:08","guid":{"rendered":"https:\/\/lift.semitron.gr\/products\/unkategorisiert\/nous-y-mrl\/"},"modified":"2025-07-31T11:28:33","modified_gmt":"2025-07-31T09:28:33","slug":"nous-y-mrl","status":"publish","type":"product","link":"https:\/\/lift.semitron.gr\/de\/products\/pinakes-de\/hydraulic-de\/nous-y-mrl\/","title":{"rendered":"Nous Y (MRL)"},"content":{"rendered":"<p>Das Steuerungspanel NOUS\u00a0Y\u00a0\u2013 (MRL) f\u00fcr hydraulische Aufz\u00fcge wird aus hochwertigen Materialien gefertigt, um einen unterbrechungsfreien Betrieb zu gew\u00e4hrleisten. Es basiert auf der Steuerung NOUS\u00a0X der neuen Generation und erf\u00fcllt die Anforderungen der anspruchsvollsten Anlagen f\u00fcr hydraulische Aufz\u00fcge ohne Maschinenraum, da er in der Lage ist, jede Art von Ventil und \u00d6ltank anzusteuern. Sowohl das Design als auch die Herstellung des Steuerungspanels folgen hohen Qualit\u00e4tsstandards, w\u00e4hrend die benutzerfreundliche Steuerungsoberfl\u00e4che, die auf einem 5\u201d TFT-Touchscreen basiert, Schnelligkeit und Bedienkomfort bietet.<\/p>\n","protected":false},"excerpt":{"rendered":"<p>Steuerungspanel Nous f\u00fcr hydraulische<\/p>\n<p>Aufz\u00fcge ohne Maschinenraum<\/p>\n","protected":false},"featured_media":0,"template":"","meta":[],"product_brand":[],"product_cat":[173,186],"product_tag":[],"class_list":{"0":"post-3180","1":"product","2":"type-product","3":"status-publish","5":"product_cat-pinakes-de","6":"product_cat-hydraulic-de","8":"first","9":"instock","10":"product-type-simple"},"_links":{"self":[{"href":"https:\/\/lift.semitron.gr\/de\/wp-json\/wp\/v2\/product\/3180","targetHints":{"allow":["GET"]}}],"collection":[{"href":"https:\/\/lift.semitron.gr\/de\/wp-json\/wp\/v2\/product"}],"about":[{"href":"https:\/\/lift.semitron.gr\/de\/wp-json\/wp\/v2\/types\/product"}],"wp:attachment":[{"href":"https:\/\/lift.semitron.gr\/de\/wp-json\/wp\/v2\/media?parent=3180"}],"wp:term":[{"taxonomy":"product_brand","embeddable":true,"href":"https:\/\/lift.semitron.gr\/de\/wp-json\/wp\/v2\/product_brand?post=3180"},{"taxonomy":"product_cat","embeddable":true,"href":"https:\/\/lift.semitron.gr\/de\/wp-json\/wp\/v2\/product_cat?post=3180"},{"taxonomy":"product_tag","embeddable":true,"href":"https:\/\/lift.semitron.gr\/de\/wp-json\/wp\/v2\/product_tag?post=3180"}],"curies":[{"name":"wp","href":"https:\/\/api.w.org\/{rel}","templated":true}]}}