{"id":3169,"date":"2022-04-19T16:00:40","date_gmt":"2022-04-19T14:00:40","guid":{"rendered":"https:\/\/lift.semitron.gr\/products\/unkategorisiert\/sk3-y-mr\/"},"modified":"2025-07-31T11:21:35","modified_gmt":"2025-07-31T09:21:35","slug":"sk3-y-mr","status":"publish","type":"product","link":"https:\/\/lift.semitron.gr\/de\/products\/pinakes-de\/hydraulic-de\/sk3-y-mr\/","title":{"rendered":"SK3 Y (MR)"},"content":{"rendered":"<p>Das Steuerungspanel SK3 Y\u00a0\u2013 (MR) der Baureihe SK3 von Semitron wurde entwickelt, um die Anforderungen moderner Aufzugsinstallationen vollst\u00e4ndig zu erf\u00fcllen. Sein modernes Design und die hochwertige Verarbeitung sorgen f\u00fcr eine schnelle Installation und minimieren die Vor-Ort-Eins\u00e4tze.<\/p>\n<p>&nbsp;<\/p>\n<p>Die Unterst\u00fctzung von zwei unabh\u00e4ngigen CanBus-Kommunikationskan\u00e4len erm\u00f6glicht die Kommunikation mit Peripherieger\u00e4ten \u00fcber Vierdrahttechnik, was bedeutet, dass, wenn die Kommunikation \u00fcber CanBus gew\u00e4hlt wird, die Installation und die Wartung noch einfacher und schneller werden! Zus\u00e4tzlich kann eine Software-Aktualisierung, falls erforderlich, sehr einfach und schnell mittels eines handels\u00fcblichen USB-Sticks durchgef\u00fchrt werden. Au\u00dferdem bietet es eine zus\u00e4tzliche Pr\u00fcfung der Integrit\u00e4t der Bremsen UCMP-ACOP sowie programmierbare Ein- und Ausg\u00e4nge, um auch die Anforderungen der anspruchsvollsten Projekte zu erf\u00fcllen.<\/p>\n<p>&nbsp;<\/p>\n<p>Das Steuerungspanel SK3 Y\u00a0\u2013 (MR) von Semitron wird aus hochwertigen Materialien gefertigt und stellt eine ideale L\u00f6sung f\u00fcr die zuverl\u00e4ssige Erf\u00fcllung der Anforderungen sowohl neuer als auch \u00e4lterer Installationen dar, da es mit allen Normen EN 81.20\/50 und EN 81-1\/2 konform ist.<\/p>\n","protected":false},"excerpt":{"rendered":"<p>Steuerungspanel SK3 f\u00fcr hydraulische Aufz\u00fcge<\/p>\n","protected":false},"featured_media":3170,"template":"","meta":[],"product_brand":[],"product_cat":[173,186],"product_tag":[],"class_list":{"0":"post-3169","1":"product","2":"type-product","3":"status-publish","4":"has-post-thumbnail","6":"product_cat-pinakes-de","7":"product_cat-hydraulic-de","9":"first","10":"instock","11":"product-type-simple"},"_links":{"self":[{"href":"https:\/\/lift.semitron.gr\/de\/wp-json\/wp\/v2\/product\/3169","targetHints":{"allow":["GET"]}}],"collection":[{"href":"https:\/\/lift.semitron.gr\/de\/wp-json\/wp\/v2\/product"}],"about":[{"href":"https:\/\/lift.semitron.gr\/de\/wp-json\/wp\/v2\/types\/product"}],"wp:featuredmedia":[{"embeddable":true,"href":"https:\/\/lift.semitron.gr\/de\/wp-json\/wp\/v2\/media\/3170"}],"wp:attachment":[{"href":"https:\/\/lift.semitron.gr\/de\/wp-json\/wp\/v2\/media?parent=3169"}],"wp:term":[{"taxonomy":"product_brand","embeddable":true,"href":"https:\/\/lift.semitron.gr\/de\/wp-json\/wp\/v2\/product_brand?post=3169"},{"taxonomy":"product_cat","embeddable":true,"href":"https:\/\/lift.semitron.gr\/de\/wp-json\/wp\/v2\/product_cat?post=3169"},{"taxonomy":"product_tag","embeddable":true,"href":"https:\/\/lift.semitron.gr\/de\/wp-json\/wp\/v2\/product_tag?post=3169"}],"curies":[{"name":"wp","href":"https:\/\/api.w.org\/{rel}","templated":true}]}}