{"id":3164,"date":"2022-04-19T16:01:33","date_gmt":"2022-04-19T14:01:33","guid":{"rendered":"https:\/\/lift.semitron.gr\/products\/unkategorisiert\/serial-car-inspection-box-canbus\/"},"modified":"2025-07-31T11:19:11","modified_gmt":"2025-07-31T09:19:11","slug":"serial-car-inspection-box-canbus","status":"publish","type":"product","link":"https:\/\/lift.semitron.gr\/de\/products\/perifereiakes-syskeyes-de\/serial-car-inspection-box-canbus\/","title":{"rendered":"Car Top Inspection Box"},"content":{"rendered":"<p>Die CANbus-Inspektionsbox ist ein Ger\u00e4t, das am oberen Teil der Kabine installiert wird und dazu dient, alle Signale in serielle Form (CANbus) umzuwandeln, eine einfache und schnelle Verkabelung zu erm\u00f6glichen und die Anzahl der f\u00fcr den Betrieb des Aufzugs im Wartungs- und Automatikbetrieb ben\u00f6tigten Kabel zu reduzieren.<\/p>\n<p>Mit diesem Ger\u00e4t betr\u00e4gt die Anzahl der ben\u00f6tigten Kabel vom Schaltschrank zur Kabine 24 Adern.<\/p>\n<p>Das Produkt ist gebrauchsfertig, somit wird es dem Kunden gem\u00e4\u00df den Aufzugsnormen verkabelt geliefert. Au\u00dferdem ist es elektrostatisch lackiert, aus widerstandsf\u00e4higem Metall gefertigt und bietet ausreichend Platz, um das Herstellen aller erforderlichen Verbindungen zu vereinfachen.<\/p>\n","protected":false},"excerpt":{"rendered":"<p>Aufzugs-Wartungskasten<\/p>\n","protected":false},"featured_media":3165,"template":"","meta":[],"product_brand":[],"product_cat":[180],"product_tag":[],"class_list":{"0":"post-3164","1":"product","2":"type-product","3":"status-publish","4":"has-post-thumbnail","6":"product_cat-perifereiakes-syskeyes-de","8":"first","9":"instock","10":"product-type-simple"},"_links":{"self":[{"href":"https:\/\/lift.semitron.gr\/de\/wp-json\/wp\/v2\/product\/3164","targetHints":{"allow":["GET"]}}],"collection":[{"href":"https:\/\/lift.semitron.gr\/de\/wp-json\/wp\/v2\/product"}],"about":[{"href":"https:\/\/lift.semitron.gr\/de\/wp-json\/wp\/v2\/types\/product"}],"wp:featuredmedia":[{"embeddable":true,"href":"https:\/\/lift.semitron.gr\/de\/wp-json\/wp\/v2\/media\/3165"}],"wp:attachment":[{"href":"https:\/\/lift.semitron.gr\/de\/wp-json\/wp\/v2\/media?parent=3164"}],"wp:term":[{"taxonomy":"product_brand","embeddable":true,"href":"https:\/\/lift.semitron.gr\/de\/wp-json\/wp\/v2\/product_brand?post=3164"},{"taxonomy":"product_cat","embeddable":true,"href":"https:\/\/lift.semitron.gr\/de\/wp-json\/wp\/v2\/product_cat?post=3164"},{"taxonomy":"product_tag","embeddable":true,"href":"https:\/\/lift.semitron.gr\/de\/wp-json\/wp\/v2\/product_tag?post=3164"}],"curies":[{"name":"wp","href":"https:\/\/api.w.org\/{rel}","templated":true}]}}