{"id":3156,"date":"2022-04-19T16:01:58","date_gmt":"2022-04-19T14:01:58","guid":{"rendered":"https:\/\/lift.semitron.gr\/products\/unkategorisiert\/handset-with-cable-rj11\/"},"modified":"2025-07-31T11:14:03","modified_gmt":"2025-07-31T09:14:03","slug":"handset-with-cable-rj11","status":"publish","type":"product","link":"https:\/\/lift.semitron.gr\/de\/products\/perifereiakes-syskeyes-de\/handset-with-cable-rj11\/","title":{"rendered":"Handset with cable RJ11"},"content":{"rendered":"<p>Das Telefonger\u00e4t ist mit einer Tastatur, einem Mikrofon und einem H\u00f6rer ausgestattet. Es dient zur Programmierung der Notruftelefone und wird \u00fcber ein RJ11-Kabel mit dem Telefon verbunden.<\/p>\n","protected":false},"excerpt":{"rendered":"<p>Telefonger\u00e4t<\/p>\n","protected":false},"featured_media":0,"template":"","meta":[],"product_brand":[],"product_cat":[180],"product_tag":[],"class_list":{"0":"post-3156","1":"product","2":"type-product","3":"status-publish","5":"product_cat-perifereiakes-syskeyes-de","7":"first","8":"instock","9":"product-type-simple"},"_links":{"self":[{"href":"https:\/\/lift.semitron.gr\/de\/wp-json\/wp\/v2\/product\/3156","targetHints":{"allow":["GET"]}}],"collection":[{"href":"https:\/\/lift.semitron.gr\/de\/wp-json\/wp\/v2\/product"}],"about":[{"href":"https:\/\/lift.semitron.gr\/de\/wp-json\/wp\/v2\/types\/product"}],"wp:attachment":[{"href":"https:\/\/lift.semitron.gr\/de\/wp-json\/wp\/v2\/media?parent=3156"}],"wp:term":[{"taxonomy":"product_brand","embeddable":true,"href":"https:\/\/lift.semitron.gr\/de\/wp-json\/wp\/v2\/product_brand?post=3156"},{"taxonomy":"product_cat","embeddable":true,"href":"https:\/\/lift.semitron.gr\/de\/wp-json\/wp\/v2\/product_cat?post=3156"},{"taxonomy":"product_tag","embeddable":true,"href":"https:\/\/lift.semitron.gr\/de\/wp-json\/wp\/v2\/product_tag?post=3156"}],"curies":[{"name":"wp","href":"https:\/\/api.w.org\/{rel}","templated":true}]}}