{"id":3155,"date":"2022-04-19T16:01:58","date_gmt":"2022-04-19T14:01:58","guid":{"rendered":"https:\/\/lift.semitron.gr\/products\/unkategorisiert\/gprs-for-remote-monitoring\/"},"modified":"2025-07-31T11:11:56","modified_gmt":"2025-07-31T09:11:56","slug":"gprs-for-remote-monitoring","status":"publish","type":"product","link":"https:\/\/lift.semitron.gr\/de\/products\/perifereiakes-syskeyes-de\/gprs-for-remote-monitoring\/","title":{"rendered":"GPRS for Remote Monitoring"},"content":{"rendered":"<p>Im Rahmen unserer dynamischen Entwicklung im Aufzugssektor haben wir Partnerschaften mit f\u00fchrenden Herstellern von Notruftelefonen geschlossen, um sie im Aufzugsmarkt zu etablieren und voranzutreiben. Mit dem Ziel, unseren Kunden einen umfassenden Service zu bieten, stellt Semitron GPRS-Verbindungsger\u00e4te zur Verf\u00fcgung, um die drahtlose Kommunikation des Notruftelefons \u00fcber das Mobilfunknetz zu gew\u00e4hrleisten.<\/p>\n<p>Das GPRS-Verbindungsger\u00e4t erm\u00f6glicht die drahtlose Kommunikation des Notruftelefons im Aufzug \u00fcber das Mobilfunknetz.<\/p>\n<p>Das Ger\u00e4t verf\u00fcgt \u00fcber einen Steckplatz f\u00fcr eine SIM-Karte.<\/p>\n","protected":false},"excerpt":{"rendered":"<p>GPRS-Ger\u00e4t<\/p>\n","protected":false},"featured_media":0,"template":"","meta":[],"product_brand":[],"product_cat":[180],"product_tag":[],"class_list":{"0":"post-3155","1":"product","2":"type-product","3":"status-publish","5":"product_cat-perifereiakes-syskeyes-de","7":"first","8":"instock","9":"product-type-simple"},"_links":{"self":[{"href":"https:\/\/lift.semitron.gr\/de\/wp-json\/wp\/v2\/product\/3155","targetHints":{"allow":["GET"]}}],"collection":[{"href":"https:\/\/lift.semitron.gr\/de\/wp-json\/wp\/v2\/product"}],"about":[{"href":"https:\/\/lift.semitron.gr\/de\/wp-json\/wp\/v2\/types\/product"}],"wp:attachment":[{"href":"https:\/\/lift.semitron.gr\/de\/wp-json\/wp\/v2\/media?parent=3155"}],"wp:term":[{"taxonomy":"product_brand","embeddable":true,"href":"https:\/\/lift.semitron.gr\/de\/wp-json\/wp\/v2\/product_brand?post=3155"},{"taxonomy":"product_cat","embeddable":true,"href":"https:\/\/lift.semitron.gr\/de\/wp-json\/wp\/v2\/product_cat?post=3155"},{"taxonomy":"product_tag","embeddable":true,"href":"https:\/\/lift.semitron.gr\/de\/wp-json\/wp\/v2\/product_tag?post=3155"}],"curies":[{"name":"wp","href":"https:\/\/api.w.org\/{rel}","templated":true}]}}