{"id":3148,"date":"2022-04-19T16:00:40","date_gmt":"2022-04-19T14:00:40","guid":{"rendered":"https:\/\/lift.semitron.gr\/products\/unkategorisiert\/universal\/"},"modified":"2025-07-31T11:07:23","modified_gmt":"2025-07-31T09:07:23","slug":"universal","status":"publish","type":"product","link":"https:\/\/lift.semitron.gr\/de\/products\/pinakes-de\/traction-de\/universal\/","title":{"rendered":"Universal"},"content":{"rendered":"<p>Das Universal-Steuerungspanel von Semitron ist ein autonomes Notevakuierungssystem, das im Falle eines Stromausfalls die Befreiung der Fahrg\u00e4ste aus der Kabine gew\u00e4hrleistet.<\/p>\n<p>&nbsp;<\/p>\n<p>Die Hauptvorteile dieses Modells sind seine Kompatibilit\u00e4t mit jeder Art von Steuerungspanels beliebiger Hersteller sowie die Art und Weise, wie es die neun wiederaufladbaren 12\u00a0V-Batterien verwaltet, die es als Stromquelle nutzt, um Motoren mit bis zu 10\u202fkW anzutreiben.<\/p>\n<p>Mit dem Ziel, die Energie seiner Batterien nicht unn\u00f6tig zu verschwenden, verf\u00fcgt das Universal-Steuerungspanel \u00fcber ein automatisches elektronisches Wiegesystem, das ihm w\u00e4hrend der Notevakuierung erm\u00f6glicht, den energieeffizientesten Weg zu w\u00e4hlen.<\/p>\n<p>&nbsp;<\/p>\n<p>Somit trennt das Universal-Steuerungspanel im Falle eines Spannungsausfalls im Netz oder sogar beim Ausfall einer Phase des Drehstromnetzes die Hauptsteuerung des Aufzugs und befreit, sofern der Sicherheitskreis geschlossen ist, die Fahrg\u00e4ste aus der Kabine.<\/p>\n","protected":false},"excerpt":{"rendered":"<p>Autonome Notevakuierungsvorrichtung<\/p>\n","protected":false},"featured_media":3149,"template":"","meta":[],"product_brand":[],"product_cat":[173,185],"product_tag":[],"class_list":{"0":"post-3148","1":"product","2":"type-product","3":"status-publish","4":"has-post-thumbnail","6":"product_cat-pinakes-de","7":"product_cat-traction-de","9":"first","10":"instock","11":"product-type-simple"},"_links":{"self":[{"href":"https:\/\/lift.semitron.gr\/de\/wp-json\/wp\/v2\/product\/3148","targetHints":{"allow":["GET"]}}],"collection":[{"href":"https:\/\/lift.semitron.gr\/de\/wp-json\/wp\/v2\/product"}],"about":[{"href":"https:\/\/lift.semitron.gr\/de\/wp-json\/wp\/v2\/types\/product"}],"wp:featuredmedia":[{"embeddable":true,"href":"https:\/\/lift.semitron.gr\/de\/wp-json\/wp\/v2\/media\/3149"}],"wp:attachment":[{"href":"https:\/\/lift.semitron.gr\/de\/wp-json\/wp\/v2\/media?parent=3148"}],"wp:term":[{"taxonomy":"product_brand","embeddable":true,"href":"https:\/\/lift.semitron.gr\/de\/wp-json\/wp\/v2\/product_brand?post=3148"},{"taxonomy":"product_cat","embeddable":true,"href":"https:\/\/lift.semitron.gr\/de\/wp-json\/wp\/v2\/product_cat?post=3148"},{"taxonomy":"product_tag","embeddable":true,"href":"https:\/\/lift.semitron.gr\/de\/wp-json\/wp\/v2\/product_tag?post=3148"}],"curies":[{"name":"wp","href":"https:\/\/api.w.org\/{rel}","templated":true}]}}