{"id":3145,"date":"2022-04-19T16:00:40","date_gmt":"2022-04-19T14:00:40","guid":{"rendered":"https:\/\/lift.semitron.gr\/products\/unkategorisiert\/nous-m%ce%b9-mr\/"},"modified":"2025-07-31T11:03:28","modified_gmt":"2025-07-31T09:03:28","slug":"nous-m%ce%b9-mr","status":"publish","type":"product","link":"https:\/\/lift.semitron.gr\/de\/products\/pinakes-de\/traction-de\/nous-m%ce%b9-mr\/","title":{"rendered":"Nous M\u0399 &#8211; (MR)"},"content":{"rendered":"<p>Das Steuerungspanel NOUS MI\u00a0\u2013 (MR) wird aus hochwertigen Materialien gefertigt, um einen unterbrechungsfreien Betrieb zu gew\u00e4hrleisten. Es basiert auf der Steuerung NOUS\u00a0X der neuen Generation und erf\u00fcllt die Anforderungen der anspruchsvollsten Anlagen. Sowohl das Design als auch die Herstellung des Steuerungspanels folgen hohen Qualit\u00e4tsstandards, w\u00e4hrend die benutzerfreundliche Steuerungsoberfl\u00e4che, die auf einem 5\u201d TFT-Touchscreen basiert, Schnelligkeit und Bedienkomfort bietet.<\/p>\n","protected":false},"excerpt":{"rendered":"<p>Steuerungspanel Nous mit Inverter<\/p>\n","protected":false},"featured_media":3146,"template":"","meta":[],"product_brand":[],"product_cat":[173,185],"product_tag":[],"class_list":{"0":"post-3145","1":"product","2":"type-product","3":"status-publish","4":"has-post-thumbnail","6":"product_cat-pinakes-de","7":"product_cat-traction-de","9":"first","10":"instock","11":"product-type-simple"},"_links":{"self":[{"href":"https:\/\/lift.semitron.gr\/de\/wp-json\/wp\/v2\/product\/3145","targetHints":{"allow":["GET"]}}],"collection":[{"href":"https:\/\/lift.semitron.gr\/de\/wp-json\/wp\/v2\/product"}],"about":[{"href":"https:\/\/lift.semitron.gr\/de\/wp-json\/wp\/v2\/types\/product"}],"wp:featuredmedia":[{"embeddable":true,"href":"https:\/\/lift.semitron.gr\/de\/wp-json\/wp\/v2\/media\/3146"}],"wp:attachment":[{"href":"https:\/\/lift.semitron.gr\/de\/wp-json\/wp\/v2\/media?parent=3145"}],"wp:term":[{"taxonomy":"product_brand","embeddable":true,"href":"https:\/\/lift.semitron.gr\/de\/wp-json\/wp\/v2\/product_brand?post=3145"},{"taxonomy":"product_cat","embeddable":true,"href":"https:\/\/lift.semitron.gr\/de\/wp-json\/wp\/v2\/product_cat?post=3145"},{"taxonomy":"product_tag","embeddable":true,"href":"https:\/\/lift.semitron.gr\/de\/wp-json\/wp\/v2\/product_tag?post=3145"}],"curies":[{"name":"wp","href":"https:\/\/api.w.org\/{rel}","templated":true}]}}