{"id":3144,"date":"2022-04-19T16:00:40","date_gmt":"2022-04-19T14:00:40","guid":{"rendered":"https:\/\/lift.semitron.gr\/products\/unkategorisiert\/sk3-dumb\/"},"modified":"2025-07-31T11:00:33","modified_gmt":"2025-07-31T09:00:33","slug":"sk3-dumb","status":"publish","type":"product","link":"https:\/\/lift.semitron.gr\/de\/products\/pinakes-de\/traction-de\/sk3-dumb\/","title":{"rendered":"SK3 DUMB"},"content":{"rendered":"<p>Die SK3 DUMB Steuerungspanels von Semitron wurden entwickelt, um eine hochwertige und zuverl\u00e4ssige L\u00f6sung zu bieten, die vollst\u00e4ndig den Bewegungsanforderungen von Hubliften gerecht wird.<\/p>\n<p>Das Produkt wird entsprechend den Anforderungen des jeweiligen Projekts hergestellt und stets mit dem Ziel einer einfachen, schnellen und qualitativ hochwertigen Installation.<\/p>\n<p>Das SK3 DUMB Steuerungspanel von Semitron ist kompatibel mit den Antriebssystemen s\u00e4mtlicher Hersteller, sowohl den hydraulischen als auch den konventionellen elektromechanischen und den invertergesteuerten, und bietet dem Installateur so Flexibilit\u00e4t und einfache Handhabung.<\/p>\n","protected":false},"excerpt":{"rendered":"<p>Spezielle Steuerungspanels f\u00fcr Hublifte<\/p>\n","protected":false},"featured_media":0,"template":"","meta":[],"product_brand":[],"product_cat":[173,185],"product_tag":[],"class_list":{"0":"post-3144","1":"product","2":"type-product","3":"status-publish","5":"product_cat-pinakes-de","6":"product_cat-traction-de","8":"first","9":"instock","10":"product-type-simple"},"_links":{"self":[{"href":"https:\/\/lift.semitron.gr\/de\/wp-json\/wp\/v2\/product\/3144","targetHints":{"allow":["GET"]}}],"collection":[{"href":"https:\/\/lift.semitron.gr\/de\/wp-json\/wp\/v2\/product"}],"about":[{"href":"https:\/\/lift.semitron.gr\/de\/wp-json\/wp\/v2\/types\/product"}],"wp:attachment":[{"href":"https:\/\/lift.semitron.gr\/de\/wp-json\/wp\/v2\/media?parent=3144"}],"wp:term":[{"taxonomy":"product_brand","embeddable":true,"href":"https:\/\/lift.semitron.gr\/de\/wp-json\/wp\/v2\/product_brand?post=3144"},{"taxonomy":"product_cat","embeddable":true,"href":"https:\/\/lift.semitron.gr\/de\/wp-json\/wp\/v2\/product_cat?post=3144"},{"taxonomy":"product_tag","embeddable":true,"href":"https:\/\/lift.semitron.gr\/de\/wp-json\/wp\/v2\/product_tag?post=3144"}],"curies":[{"name":"wp","href":"https:\/\/api.w.org\/{rel}","templated":true}]}}