{"id":3129,"date":"2022-04-19T16:00:40","date_gmt":"2022-04-19T14:00:40","guid":{"rendered":"https:\/\/lift.semitron.gr\/products\/unkategorisiert\/canopen-rev-light\/"},"modified":"2025-07-31T10:21:55","modified_gmt":"2025-07-31T08:21:55","slug":"canopen-rev-light","status":"publish","type":"product","link":"https:\/\/lift.semitron.gr\/de\/products\/canopen-de\/canopen-rev-light\/","title":{"rendered":"CANopen-REV Light"},"content":{"rendered":"<p>Die Produktserie CANopen von Semitron wurde entwickelt, um Kompatibilit\u00e4t mit allen CANopen-Ger\u00e4ten eines Aufzugs zu bieten und die automatische Steuerung durch die zentrale Einheit des Steuerungspanels zu erm\u00f6glichen.<\/p>\n<p>Das CANopen REV Light ist eine kosteng\u00fcnstige L\u00f6sung f\u00fcr die Anbindung aller Hauptger\u00e4te einer Aufzugskabine. Es wird in der Car Top BOX installiert, um die Kabinent\u00fcr zu steuern, und bietet mit 11 programmierbaren Eing\u00e4ngen und 5 Ausg\u00e4ngen eine 100-prozentige Abdeckung bei einfachen Installationen wie Homelifts u.\u00a0a.<\/p>\n<p>Die Konfigurierung kann \u00fcber jede kompatible CANopen-Lift-Software erfolgen.<\/p>\n<p>Die schnelle und einfache Installation mit 100\u00a0% Konnektivit\u00e4t zur Steuerung des Aufzugs liefert alle notwendigen Informationen f\u00fcr den Wartungstechniker und jeden Benutzer und bietet die perfekte Modernisierungsl\u00f6sung f\u00fcr Ihren Aufzug.<\/p>\n","protected":false},"excerpt":{"rendered":"<p>Anschlussplatine f\u00fcr Wartungskasten<\/p>\n","protected":false},"featured_media":3130,"template":"","meta":[],"product_brand":[],"product_cat":[172],"product_tag":[],"class_list":{"0":"post-3129","1":"product","2":"type-product","3":"status-publish","4":"has-post-thumbnail","6":"product_cat-canopen-de","8":"first","9":"instock","10":"product-type-simple"},"_links":{"self":[{"href":"https:\/\/lift.semitron.gr\/de\/wp-json\/wp\/v2\/product\/3129","targetHints":{"allow":["GET"]}}],"collection":[{"href":"https:\/\/lift.semitron.gr\/de\/wp-json\/wp\/v2\/product"}],"about":[{"href":"https:\/\/lift.semitron.gr\/de\/wp-json\/wp\/v2\/types\/product"}],"wp:featuredmedia":[{"embeddable":true,"href":"https:\/\/lift.semitron.gr\/de\/wp-json\/wp\/v2\/media\/3130"}],"wp:attachment":[{"href":"https:\/\/lift.semitron.gr\/de\/wp-json\/wp\/v2\/media?parent=3129"}],"wp:term":[{"taxonomy":"product_brand","embeddable":true,"href":"https:\/\/lift.semitron.gr\/de\/wp-json\/wp\/v2\/product_brand?post=3129"},{"taxonomy":"product_cat","embeddable":true,"href":"https:\/\/lift.semitron.gr\/de\/wp-json\/wp\/v2\/product_cat?post=3129"},{"taxonomy":"product_tag","embeddable":true,"href":"https:\/\/lift.semitron.gr\/de\/wp-json\/wp\/v2\/product_tag?post=3129"}],"curies":[{"name":"wp","href":"https:\/\/api.w.org\/{rel}","templated":true}]}}