{"id":3126,"date":"2022-04-19T16:01:08","date_gmt":"2022-04-19T14:01:08","guid":{"rendered":"https:\/\/lift.semitron.gr\/products\/unkategorisiert\/canopen-io-2\/"},"modified":"2025-07-31T10:19:48","modified_gmt":"2025-07-31T08:19:48","slug":"canopen-io-2","status":"publish","type":"product","link":"https:\/\/lift.semitron.gr\/de\/products\/exartimata-kombiodoxon-de\/canopen-exartimata-kombiodoxon-de\/canopen-io-2\/","title":{"rendered":"CANopen IO"},"content":{"rendered":"<p>Die Produktserie CANopen von Semitron wurde entwickelt, um Kompatibilit\u00e4t mit allen CANopen-Ger\u00e4ten eines Aufzugs zu bieten und die automatische Steuerung durch die zentrale Einheit des Steuerungspanels zu erm\u00f6glichen. Das CANopen_IO mit Abmessungen von 73\u00a0\u00d758\u00a0\u00d712\u202fmm erm\u00f6glicht eine einfache Installation in wand- oder unterputzmontierten, schlanken Etagentableaus (LOP). Das Ger\u00e4t kann \u00fcber jede kompatible CANopen-Lift-Software konfiguriert werden.<\/p>\n<p>Mit 8 Ein- und Ausg\u00e4ngen (INPUTS\/OUTPUTS) k\u00f6nnen Sie einfach beliebige Verbindungen herstellen, wie zum Beispiel zu Kabinen-Stockwerkstasten, VIP-Schl\u00fcsseln oder \u00dcberlastanzeigen.<\/p>\n<p>Die schnelle und einfache Installation mit 100\u00a0% Konnektivit\u00e4t zur Steuerung des Aufzugs liefert alle notwendigen Informationen f\u00fcr den Wartungstechniker und jeden Benutzer und bietet die perfekte Modernisierungsl\u00f6sung f\u00fcr Ihren Aufzug.<\/p>\n","protected":false},"excerpt":{"rendered":"<p>Platine zum Signalanschluss \u00fcber CANopen<\/p>\n","protected":false},"featured_media":3124,"template":"","meta":[],"product_brand":[],"product_cat":[178,175],"product_tag":[],"class_list":{"0":"post-3126","1":"product","2":"type-product","3":"status-publish","4":"has-post-thumbnail","6":"product_cat-canopen-exartimata-kombiodoxon-de","7":"product_cat-exartimata-kombiodoxon-de","9":"first","10":"instock","11":"product-type-simple"},"_links":{"self":[{"href":"https:\/\/lift.semitron.gr\/de\/wp-json\/wp\/v2\/product\/3126","targetHints":{"allow":["GET"]}}],"collection":[{"href":"https:\/\/lift.semitron.gr\/de\/wp-json\/wp\/v2\/product"}],"about":[{"href":"https:\/\/lift.semitron.gr\/de\/wp-json\/wp\/v2\/types\/product"}],"wp:featuredmedia":[{"embeddable":true,"href":"https:\/\/lift.semitron.gr\/de\/wp-json\/wp\/v2\/media\/3124"}],"wp:attachment":[{"href":"https:\/\/lift.semitron.gr\/de\/wp-json\/wp\/v2\/media?parent=3126"}],"wp:term":[{"taxonomy":"product_brand","embeddable":true,"href":"https:\/\/lift.semitron.gr\/de\/wp-json\/wp\/v2\/product_brand?post=3126"},{"taxonomy":"product_cat","embeddable":true,"href":"https:\/\/lift.semitron.gr\/de\/wp-json\/wp\/v2\/product_cat?post=3126"},{"taxonomy":"product_tag","embeddable":true,"href":"https:\/\/lift.semitron.gr\/de\/wp-json\/wp\/v2\/product_tag?post=3126"}],"curies":[{"name":"wp","href":"https:\/\/api.w.org\/{rel}","templated":true}]}}