{"id":3117,"date":"2022-04-19T16:00:40","date_gmt":"2022-04-19T14:00:40","guid":{"rendered":"https:\/\/lift.semitron.gr\/products\/unkategorisiert\/canopen-io-dot-matrix-3-5\/"},"modified":"2025-07-31T10:17:09","modified_gmt":"2025-07-31T08:17:09","slug":"canopen-io-dot-matrix-3-5","status":"publish","type":"product","link":"https:\/\/lift.semitron.gr\/de\/products\/canopen-de\/canopen-io-dot-matrix-3-5\/","title":{"rendered":"CANopen-PunktMatrix"},"content":{"rendered":"<p>Die Produktserie CANopen von Semitron wurde entwickelt, um Kompatibilit\u00e4t mit allen CANopen-Ger\u00e4ten eines Aufzugs zu bieten und die automatische Steuerung durch die zentrale Einheit des Steuerungspanels zu erm\u00f6glichen. Das kompakte Design der CANopen_IO_Dot-Matrix_3.5 mit den Abmessungen 97\u00a0\u00d7 64\u00a0\u00d7 14\u00a0mm und einem 3.5\u201d TFT-Bildschirm wurde entworfen, um eine einfache Installation in wand- oder unterputzmontierten schmalen Etagentableaus (LOP) zu erm\u00f6glichen sowie um als Etagenanzeigen, Richtungspfeile und weitere spezielle Anzeigen an beliebigen Stellen im Aufzug eingesetzt zu werden. \u00dcber eine kompatible CANopen-Lift-Software k\u00f6nnen Sie das Ger\u00e4t konfigurieren, die Grafiken des Farbdisplays ausw\u00e4hlen und die Texte festlegen, die den Bezeichnungen der Etagen zugeordnet sind.<\/p>\n<p>Mit 8 Ein- und Ausg\u00e4ngen (INPUTS\/OUTPUTS) k\u00f6nnen Sie problemlos beliebige Verbindungen herstellen, z.\u202fB. zu Kabinentableaus, VIP-Schl\u00fcsseln, \u00dcberlastanzeigen. Zus\u00e4tzlich ist ein Summer integriert, der ein akustisches Signal beim Erreichen der Etage sowie zur Best\u00e4tigung des Rufsignals gibt.<\/p>\n<p>Die schnelle und einfache Installation mit 100\u00a0% Konnektivit\u00e4t zur Steuerung des Aufzugs liefert alle notwendigen Informationen f\u00fcr den Wartungstechniker und jeden Benutzer und bietet die perfekte Modernisierungsl\u00f6sung f\u00fcr Ihren Aufzug.<\/p>\n","protected":false},"excerpt":{"rendered":"<p>Punktmatrix-Anzeige f\u00fcr CanOpen-Verdrahtung<\/p>\n","protected":false},"featured_media":3120,"template":"","meta":[],"product_brand":[],"product_cat":[172],"product_tag":[],"class_list":{"0":"post-3117","1":"product","2":"type-product","3":"status-publish","4":"has-post-thumbnail","6":"product_cat-canopen-de","8":"first","9":"instock","10":"product-type-simple"},"_links":{"self":[{"href":"https:\/\/lift.semitron.gr\/de\/wp-json\/wp\/v2\/product\/3117","targetHints":{"allow":["GET"]}}],"collection":[{"href":"https:\/\/lift.semitron.gr\/de\/wp-json\/wp\/v2\/product"}],"about":[{"href":"https:\/\/lift.semitron.gr\/de\/wp-json\/wp\/v2\/types\/product"}],"wp:featuredmedia":[{"embeddable":true,"href":"https:\/\/lift.semitron.gr\/de\/wp-json\/wp\/v2\/media\/3120"}],"wp:attachment":[{"href":"https:\/\/lift.semitron.gr\/de\/wp-json\/wp\/v2\/media?parent=3117"}],"wp:term":[{"taxonomy":"product_brand","embeddable":true,"href":"https:\/\/lift.semitron.gr\/de\/wp-json\/wp\/v2\/product_brand?post=3117"},{"taxonomy":"product_cat","embeddable":true,"href":"https:\/\/lift.semitron.gr\/de\/wp-json\/wp\/v2\/product_cat?post=3117"},{"taxonomy":"product_tag","embeddable":true,"href":"https:\/\/lift.semitron.gr\/de\/wp-json\/wp\/v2\/product_tag?post=3117"}],"curies":[{"name":"wp","href":"https:\/\/api.w.org\/{rel}","templated":true}]}}