{"id":3094,"date":"2022-04-19T16:00:40","date_gmt":"2022-04-19T14:00:40","guid":{"rendered":"https:\/\/lift.semitron.gr\/products\/unkategorisiert\/canopen-io-tft-7\/"},"modified":"2025-07-31T10:09:54","modified_gmt":"2025-07-31T08:09:54","slug":"canopen-io-tft-7","status":"publish","type":"product","link":"https:\/\/lift.semitron.gr\/de\/products\/canopen-de\/canopen-io-tft-7\/","title":{"rendered":"CANopen-TFT 7&#8220;"},"content":{"rendered":"<p>Die Produktserie CANopen von Semitron wurde entwickelt, um Kompatibilit\u00e4t mit allen CANopen-Ger\u00e4ten eines Aufzugs zu bieten und die automatische Steuerung durch die zentrale Einheit des Steuerungspanels zu erm\u00f6glichen. Das kompakte Design der CANopen_IO_TFT_7 mit den Abmessungen 171\u00a0\u00d7 122\u00d7 18\u00a0mm und einem 7\u201d TFT-Bildschirm wurde entworfen, um eine einfache Installation in wand- oder unterputzmontierten schmalen Kabinentableaus (COP) zu erm\u00f6glichen sowie um als Etagenanzeige, Richtungspfeile und weitere spezielle Anzeigen an beliebigen Stellen im Aufzug eingesetzt zu werden. Sie k\u00f6nnen das Ger\u00e4t \u00fcber jede kompatible CANopen-Lift-Software konfigurieren und die Grafiken des Farbbildschirms \u00e4ndern, indem Sie Bilder und Logos Ihres Unternehmens oder Ihres Kunden auf die herausnehmbare SD-Karte laden. Au\u00dferdem k\u00f6nnen Sie unterschiedliche Texte zur Beschreibung jeder Etage einstellen und zus\u00e4tzlich einen statischen Text Ihrer Wahl hinzuf\u00fcgen, z.\u00a0B. maximal erlaubtes Gewicht usw.<\/p>\n<p>Mit 16 Ein- und Ausg\u00e4ngen (INPUTS\/OUTPUTS) k\u00f6nnen Sie einfach beliebige Verbindungen herstellen, zum Beispiel zu Kabinen-Etagentasten, VIP-Schl\u00fcsseln oder \u00dcberlastanzeigen.<\/p>\n<p>Die schnelle und einfache Installation mit 100\u00a0% Konnektivit\u00e4t zur Steuerung des Aufzugs liefert alle notwendigen Informationen f\u00fcr den Wartungstechniker und jeden Benutzer und bietet die perfekte Modernisierungsl\u00f6sung f\u00fcr Ihren Aufzug.<\/p>\n","protected":false},"excerpt":{"rendered":"<p>Anzeige mit TFT-Bildschirm f\u00fcr CanOpen-Verdrahtung<\/p>\n","protected":false},"featured_media":3098,"template":"","meta":[],"product_brand":[],"product_cat":[172],"product_tag":[],"class_list":{"0":"post-3094","1":"product","2":"type-product","3":"status-publish","4":"has-post-thumbnail","6":"product_cat-canopen-de","8":"first","9":"instock","10":"product-type-simple"},"_links":{"self":[{"href":"https:\/\/lift.semitron.gr\/de\/wp-json\/wp\/v2\/product\/3094","targetHints":{"allow":["GET"]}}],"collection":[{"href":"https:\/\/lift.semitron.gr\/de\/wp-json\/wp\/v2\/product"}],"about":[{"href":"https:\/\/lift.semitron.gr\/de\/wp-json\/wp\/v2\/types\/product"}],"wp:featuredmedia":[{"embeddable":true,"href":"https:\/\/lift.semitron.gr\/de\/wp-json\/wp\/v2\/media\/3098"}],"wp:attachment":[{"href":"https:\/\/lift.semitron.gr\/de\/wp-json\/wp\/v2\/media?parent=3094"}],"wp:term":[{"taxonomy":"product_brand","embeddable":true,"href":"https:\/\/lift.semitron.gr\/de\/wp-json\/wp\/v2\/product_brand?post=3094"},{"taxonomy":"product_cat","embeddable":true,"href":"https:\/\/lift.semitron.gr\/de\/wp-json\/wp\/v2\/product_cat?post=3094"},{"taxonomy":"product_tag","embeddable":true,"href":"https:\/\/lift.semitron.gr\/de\/wp-json\/wp\/v2\/product_tag?post=3094"}],"curies":[{"name":"wp","href":"https:\/\/api.w.org\/{rel}","templated":true}]}}