{"id":3091,"date":"2022-04-19T16:01:08","date_gmt":"2022-04-19T14:01:08","guid":{"rendered":"https:\/\/lift.semitron.gr\/products\/unkategorisiert\/lop-duplex\/"},"modified":"2025-07-31T10:01:48","modified_gmt":"2025-07-31T08:01:48","slug":"lop-duplex","status":"publish","type":"product","link":"https:\/\/lift.semitron.gr\/de\/products\/kombiodoxoi-de\/lop-duplex\/","title":{"rendered":"LOP Duplex"},"content":{"rendered":"<p>Das Tableau von Semitron ist ein Produkt, das f\u00fcr eine einfache und schnelle Installation konstruiert und entwickelt wurde.<\/p>\n<p>Das Etagentableau kann einen 3,5\u201c TFT-Bildschirm oder eine dreifarbige Punktmatrix unterst\u00fctzen und ist f\u00fcr jeden Aufzugstyp geeignet, wie Duplex, Triplex, Octaplex, abh\u00e4ngig von der gew\u00e4hlten Anschlussart des Steuerungspanels, z.\u00a0B. CANopen.<\/p>\n","protected":false},"excerpt":{"rendered":"<p>Etagentableau f\u00fcr Duplex<\/p>\n","protected":false},"featured_media":3093,"template":"","meta":[],"product_brand":[],"product_cat":[174],"product_tag":[],"class_list":{"0":"post-3091","1":"product","2":"type-product","3":"status-publish","4":"has-post-thumbnail","6":"product_cat-kombiodoxoi-de","8":"first","9":"instock","10":"product-type-simple"},"_links":{"self":[{"href":"https:\/\/lift.semitron.gr\/de\/wp-json\/wp\/v2\/product\/3091","targetHints":{"allow":["GET"]}}],"collection":[{"href":"https:\/\/lift.semitron.gr\/de\/wp-json\/wp\/v2\/product"}],"about":[{"href":"https:\/\/lift.semitron.gr\/de\/wp-json\/wp\/v2\/types\/product"}],"wp:featuredmedia":[{"embeddable":true,"href":"https:\/\/lift.semitron.gr\/de\/wp-json\/wp\/v2\/media\/3093"}],"wp:attachment":[{"href":"https:\/\/lift.semitron.gr\/de\/wp-json\/wp\/v2\/media?parent=3091"}],"wp:term":[{"taxonomy":"product_brand","embeddable":true,"href":"https:\/\/lift.semitron.gr\/de\/wp-json\/wp\/v2\/product_brand?post=3091"},{"taxonomy":"product_cat","embeddable":true,"href":"https:\/\/lift.semitron.gr\/de\/wp-json\/wp\/v2\/product_cat?post=3091"},{"taxonomy":"product_tag","embeddable":true,"href":"https:\/\/lift.semitron.gr\/de\/wp-json\/wp\/v2\/product_tag?post=3091"}],"curies":[{"name":"wp","href":"https:\/\/api.w.org\/{rel}","templated":true}]}}