{"id":3079,"date":"2022-04-19T16:01:08","date_gmt":"2022-04-19T14:01:08","guid":{"rendered":"https:\/\/lift.semitron.gr\/products\/unkategorisiert\/lip\/"},"modified":"2025-07-31T09:58:14","modified_gmt":"2025-07-31T07:58:14","slug":"lip","status":"publish","type":"product","link":"https:\/\/lift.semitron.gr\/de\/products\/kombiodoxoi-de\/lip\/","title":{"rendered":"LIP"},"content":{"rendered":"<p>Die Anzeigeleiste von Semitron ist ein Produkt, das f\u00fcr eine einfache und schnelle Installation konstruiert und entwickelt wurde. Sie kann einen 3,5\u201c TFT-Bildschirm oder eine dreifarbige Punktmatrix unterst\u00fctzen und ist f\u00fcr jeden Aufzugstyp, wie Duplex, Triplex, Octaplex, geeignet, abh\u00e4ngig von der gew\u00e4hlten Anschlussart des Steuerungspanels, z.\u00a0B. CANopen.<\/p>\n","protected":false},"excerpt":{"rendered":"<p>Anzeigeleiste<\/p>\n","protected":false},"featured_media":3081,"template":"","meta":[],"product_brand":[],"product_cat":[174],"product_tag":[],"class_list":{"0":"post-3079","1":"product","2":"type-product","3":"status-publish","4":"has-post-thumbnail","6":"product_cat-kombiodoxoi-de","8":"first","9":"instock","10":"product-type-simple"},"_links":{"self":[{"href":"https:\/\/lift.semitron.gr\/de\/wp-json\/wp\/v2\/product\/3079","targetHints":{"allow":["GET"]}}],"collection":[{"href":"https:\/\/lift.semitron.gr\/de\/wp-json\/wp\/v2\/product"}],"about":[{"href":"https:\/\/lift.semitron.gr\/de\/wp-json\/wp\/v2\/types\/product"}],"wp:featuredmedia":[{"embeddable":true,"href":"https:\/\/lift.semitron.gr\/de\/wp-json\/wp\/v2\/media\/3081"}],"wp:attachment":[{"href":"https:\/\/lift.semitron.gr\/de\/wp-json\/wp\/v2\/media?parent=3079"}],"wp:term":[{"taxonomy":"product_brand","embeddable":true,"href":"https:\/\/lift.semitron.gr\/de\/wp-json\/wp\/v2\/product_brand?post=3079"},{"taxonomy":"product_cat","embeddable":true,"href":"https:\/\/lift.semitron.gr\/de\/wp-json\/wp\/v2\/product_cat?post=3079"},{"taxonomy":"product_tag","embeddable":true,"href":"https:\/\/lift.semitron.gr\/de\/wp-json\/wp\/v2\/product_tag?post=3079"}],"curies":[{"name":"wp","href":"https:\/\/api.w.org\/{rel}","templated":true}]}}