{"id":3062,"date":"2022-04-19T16:00:40","date_gmt":"2022-04-19T14:00:40","guid":{"rendered":"https:\/\/lift.semitron.gr\/products\/unkategorisiert\/nous\/"},"modified":"2025-07-31T09:49:18","modified_gmt":"2025-07-31T07:49:18","slug":"nous","status":"publish","type":"product","link":"https:\/\/lift.semitron.gr\/de\/products\/monades-elegxou-de\/nous\/","title":{"rendered":"NOUS"},"content":{"rendered":"<p>NOUS ist ein Aufzugscontroller der neuen Generation, ausgestattet mit einem hochmodernen 32-Bit-ARM-Prozessor, der alle Funktionen des Aufzugs auch unter den komplexesten Bedingungen steuert und \u00fcberwacht. Die Software, die unter dem Linux-Betriebssystem l\u00e4uft, wurde speziell f\u00fcr Aufz\u00fcge entwickelt, um den Anforderungen moderner Installateure sowie allen Spezifikationen internationaler Normen gerecht zu werden.<\/p>\n<p>NOUS eignet sich selbst f\u00fcr die anspruchsvollsten Projekte und bietet dem Benutzer eine benutzerfreundliche Umgebung \u00fcber den TFT-Touchscreen, ohne das zus\u00e4tzliche Tools oder mobile Ger\u00e4te notwendig sind. Der Controller bietet eine umfassende \u00dcbersicht \u00fcber den gesamten Aufzug, Navigation durch s\u00e4mtliche Funktionen (Aufzugsstatus, T\u00fcrstatus usw.) sowie einen einfachen Zugang zur Wartung (Ereignisprotokoll, Wartungsmodus usw.).<\/p>\n<p>Falls zus\u00e4tzliche Ein- und Ausg\u00e4nge erforderlich sind, wird eine externe Erweiterungseinheit unterst\u00fctzt, die zus\u00e4tzliche Ein- und Ausg\u00e4nge bereitstellt, um alle Anforderungen der Installation abzudecken.<\/p>\n<p>Der Benutzer kann die meisten Aufzugsger\u00e4te (z.\u00a0B. Etagenanzeigen, Inverter usw.) direkt \u00fcber das Men\u00fc von NOUS unter der Bedingung einstellen, dass sie \u00fcber das CANopen-Protokoll verbunden sind. Au\u00dferdem kann er bei Bedarf die Software von NOUS selbst sehr einfach mit einem gew\u00f6hnlichen USB-Stick oder einer handels\u00fcblichen microSD-Speicherkarte aktualisieren.<\/p>\n","protected":false},"excerpt":{"rendered":"<p>Steuerplatine NOUS<\/p>\n","protected":false},"featured_media":3063,"template":"","meta":[],"product_brand":[],"product_cat":[172,171],"product_tag":[],"class_list":{"0":"post-3062","1":"product","2":"type-product","3":"status-publish","4":"has-post-thumbnail","6":"product_cat-canopen-de","7":"product_cat-monades-elegxou-de","9":"first","10":"instock","11":"product-type-simple"},"_links":{"self":[{"href":"https:\/\/lift.semitron.gr\/de\/wp-json\/wp\/v2\/product\/3062","targetHints":{"allow":["GET"]}}],"collection":[{"href":"https:\/\/lift.semitron.gr\/de\/wp-json\/wp\/v2\/product"}],"about":[{"href":"https:\/\/lift.semitron.gr\/de\/wp-json\/wp\/v2\/types\/product"}],"wp:featuredmedia":[{"embeddable":true,"href":"https:\/\/lift.semitron.gr\/de\/wp-json\/wp\/v2\/media\/3063"}],"wp:attachment":[{"href":"https:\/\/lift.semitron.gr\/de\/wp-json\/wp\/v2\/media?parent=3062"}],"wp:term":[{"taxonomy":"product_brand","embeddable":true,"href":"https:\/\/lift.semitron.gr\/de\/wp-json\/wp\/v2\/product_brand?post=3062"},{"taxonomy":"product_cat","embeddable":true,"href":"https:\/\/lift.semitron.gr\/de\/wp-json\/wp\/v2\/product_cat?post=3062"},{"taxonomy":"product_tag","embeddable":true,"href":"https:\/\/lift.semitron.gr\/de\/wp-json\/wp\/v2\/product_tag?post=3062"}],"curies":[{"name":"wp","href":"https:\/\/api.w.org\/{rel}","templated":true}]}}