{"id":3055,"date":"2022-04-19T16:00:40","date_gmt":"2022-04-19T14:00:40","guid":{"rendered":"https:\/\/lift.semitron.gr\/products\/unkategorisiert\/sk3\/"},"modified":"2025-07-30T17:13:38","modified_gmt":"2025-07-30T15:13:38","slug":"sk3","status":"publish","type":"product","link":"https:\/\/lift.semitron.gr\/de\/products\/monades-elegxou-de\/sk3\/","title":{"rendered":"SK3"},"content":{"rendered":"<p>Die SK3-Platine von Semitron wurde mit dem Ziel entwickelt, Flexibilit\u00e4t sowie einen hohen Grad an Funktionalit\u00e4t und Sicherheit f\u00fcr den Aufzug zu gew\u00e4hrleisten.<\/p>\n<p>Das moderne Design und die hochwertige Verarbeitung sorgen f\u00fcr eine schnelle Installation und minimieren die Vor-Ort-Eins\u00e4tze.<\/p>\n<p>Das gut ablesbare Bedienpanel verf\u00fcgt \u00fcber ein LCD-Display, das optimale Auskunft \u00fcber den Zustand des Aufzugs bietet. Die LED-Anzeigen f\u00fcr jeden Ein- und Ausgang erm\u00f6glichen eine sofortige \u00dcberwachung und schnelle Fehlersuche im St\u00f6rungsfall. Die Aufzeichnung von mehr als 50 verschiedenen Fehlercodes, jeweils mit Datum und Uhrzeit, erlaubt eine sofortige Fehlerlokalisierung ohne Zeitverlust. Eine Software-Aktualisierung, falls erforderlich, kann sehr einfach und schnell mit einem handels\u00fcblichen USB-Stick durchgef\u00fchrt werden.<\/p>\n<p>Die SK3-Platine stellt eine wirtschaftliche und effiziente L\u00f6sung dar, die ideal die Anforderungen an Neuinstallationen, aber auch an Renovierungen erf\u00fcllt. Die Unterst\u00fctzung von zwei unabh\u00e4ngigen CanBus-Kommunikationskan\u00e4len erm\u00f6glicht die Kommunikation mit Peripherieger\u00e4ten \u00fcber Vierdrahtleitungen. Wenn die Kommunikation \u00fcber CanBus gew\u00e4hlt wird, werden Installation und Wartung noch einfacher und schneller. Schlie\u00dflich kann die SK3-Platine in allen Arten von Aufz\u00fcgen eingesetzt werden, sowohl hydraulischen als auch elektromechanischen, und erf\u00fcllt die Anforderungen der Normen EN 81-20, EN 81-50, EN 81-1, EN 81-2.<\/p>\n","protected":false},"excerpt":{"rendered":"<p>Steuerplatine SK3<\/p>\n","protected":false},"featured_media":3056,"template":"","meta":[],"product_brand":[],"product_cat":[171],"product_tag":[],"class_list":{"0":"post-3055","1":"product","2":"type-product","3":"status-publish","4":"has-post-thumbnail","6":"product_cat-monades-elegxou-de","8":"first","9":"instock","10":"product-type-simple"},"_links":{"self":[{"href":"https:\/\/lift.semitron.gr\/de\/wp-json\/wp\/v2\/product\/3055","targetHints":{"allow":["GET"]}}],"collection":[{"href":"https:\/\/lift.semitron.gr\/de\/wp-json\/wp\/v2\/product"}],"about":[{"href":"https:\/\/lift.semitron.gr\/de\/wp-json\/wp\/v2\/types\/product"}],"wp:featuredmedia":[{"embeddable":true,"href":"https:\/\/lift.semitron.gr\/de\/wp-json\/wp\/v2\/media\/3056"}],"wp:attachment":[{"href":"https:\/\/lift.semitron.gr\/de\/wp-json\/wp\/v2\/media?parent=3055"}],"wp:term":[{"taxonomy":"product_brand","embeddable":true,"href":"https:\/\/lift.semitron.gr\/de\/wp-json\/wp\/v2\/product_brand?post=3055"},{"taxonomy":"product_cat","embeddable":true,"href":"https:\/\/lift.semitron.gr\/de\/wp-json\/wp\/v2\/product_cat?post=3055"},{"taxonomy":"product_tag","embeddable":true,"href":"https:\/\/lift.semitron.gr\/de\/wp-json\/wp\/v2\/product_tag?post=3055"}],"curies":[{"name":"wp","href":"https:\/\/api.w.org\/{rel}","templated":true}]}}